{"id":31,"date":"2019-09-29T19:26:19","date_gmt":"2019-09-29T17:26:19","guid":{"rendered":"http:\/\/www.studio-startingames.com\/?page_id=31"},"modified":"2020-01-08T14:04:57","modified_gmt":"2020-01-08T13:04:57","slug":"legal-notice","status":"publish","type":"page","link":"https:\/\/www.startingames.org\/fr\/legal-notice\/","title":{"rendered":"Mentions l\u00e9gales"},"content":{"rendered":"<h4 class=\"wp-block-heading\"><strong>Merci de lire attentivement les pr\u00e9sentes modalit\u00e9s d&rsquo;utilisation du pr\u00e9sent site avant de le parcourir. En vous connectant sur ce site, vous acceptez sans r\u00e9serve les pr\u00e9sentes modalit\u00e9s.<\/strong><\/h4>\r\n\r\n<p>&nbsp;<\/p>\r\n<!-- \/wp:paragraph -->\r\n<h2>\u00c9diteur du site \/ Responsable \u00e9ditorial<\/h2>\r\n<p><strong>Startingames<br \/><\/strong>9 rue du Bois, Sauvry-Haut<br \/>58270 Saint-Benin d&rsquo;Azy &#8211; France<br \/>Mail : <a href=\"mailto:contact@studio-startingames.com\">contact@studio-startingames.com<\/a><br \/>Site : <a href=\"https:\/\/www.studio-startingames.com\">www.studio-startingames.com<\/a><\/p>\r\n<p>Association loi 1901,<br \/>RNA : W583004763<\/p>\r\n<p>&nbsp;<\/p>\r\n<h2>H\u00e9bergement<\/h2>\r\n<p><strong>OVH<\/strong><br \/>2 rue Kellermann<br \/>59100 Roubaix &#8211; France<br \/>Site : <a href=\"https:\/\/www.ovh.com\">www.ovh.com<\/a><\/p>\r\n<p>&nbsp;<\/p>\r\n<h2>Conditions d&rsquo;utilisation<\/h2>\r\n<p>L&rsquo;utilisation de ce site est r\u00e9gie par les pr\u00e9sentes conditions. En utilisant le site, vous reconnaissez avoir pris connaissance de ces conditions et les avoir accept\u00e9es. Celle-ci peuvent \u00eatres modifi\u00e9es \u00e0 tout moment et sans pr\u00e9avis. <a href=\"https:\/\/www.studio-startingames.com\">Startingames<\/a> ne saurait \u00eatre tenue pour responsable en aucune mani\u00e8re d&rsquo;une mauvaise utilisation du service.<\/p>\r\n<p>&nbsp;<\/p>\r\n<h2>Limites de responsabilit\u00e9<\/h2>\r\n<p>L&rsquo;ensemble des services propos\u00e9s sont aussi pr\u00e9cis et fonctionnels que possible et sont mis \u00e0 jour d\u00e8s que n\u00e9cessaire. Toutefois, certain \u00e9l\u00e9ments peuvent \u00eatres inexactes ou non fonctionnels. Si vous constatez cela, vous avez la possibilit\u00e9 de nous contacter via le formulaire de contact, rubrique \u00ab\u00a0R\u00e9clamations WEB\u00a0\u00bb, ou par mail en pr\u00e9cisant autant que faire ce peut les maximum d&rsquo;informations. (pages, services, navigateur, OS, &#8230;) Ces informations nous permettent de cibl\u00e9 plus rapidement le probl\u00e8me afin d\u2019apporter un correctif dans les meilleurs d\u00e9lais.<\/p>\r\n<p>Tout contenu t\u00e9l\u00e9charg\u00e9 se fait sous la responsabilit\u00e9 de l&rsquo;utilisateur. Nous faisons notre maximum afin de s\u00e9curis\u00e9 notre site et nos services. De plus nous testons l&rsquo;ensemble de nos services sur plusieurs plateformes avant leurs mise \u00e0 dispositions. <a href=\"https:\/\/www.studio-startingames.com\">Startingames<\/a> ne saurait \u00eatre tenu responsable de quelconque dommage cons\u00e9cutif \u00e0 l&rsquo;utilisation de nos services.<\/p>\r\n<p>L&rsquo;ensemble des images sont non contractuelles.<\/p>\r\n<p>Les liens sont analys\u00e9s avant publication. Cependant, nous ne pouvons pas les v\u00e9rifier continuellement. Si vous constatez un lien cass\u00e9 ou inappropri\u00e9, merci de nous le signalez.<\/p>\r\n<p>&nbsp;<\/p>\r\n<h2>Propri\u00e9t\u00e9 intellectuelle<\/h2>\r\n<p>Sauf mentions contraires, l&rsquo;ensemble du site et des services propos\u00e9s sont la propri\u00e9t\u00e9 de <a href=\"https:\/\/www.studio-startingames.com\">Startingames<\/a>. Toute reproduction, distribution, modification, adaptation, retransmission ou publication, m\u00eame partielle, de ces diff\u00e9rents \u00e9l\u00e9ments est strictement interdite sans autorisations de la part de <a href=\"https:\/\/www.studio-startingames.com\">Startingames<\/a>. Le non-respect de cette interdiction constitue une contrefa\u00e7on pouvant engager la responsabilit\u00e9 civile et p\u00e9nale du contrefacteur. En outre, les propri\u00e9taires des Contenus copi\u00e9s pourraient intenter une action en justice \u00e0 votre encontre.<\/p>\r\n<p>Toutes mentions doit faire l&rsquo;objet d&rsquo;un lien vers notre source originel.<\/p>\r\n<p>Pour toutes demandes d&rsquo;autorisations, veuillez nous contacter.<\/p>\r\n<p>&nbsp;<\/p>\r\n<h2>Informations personnelles<\/h2>\r\n<p>Nos services, de par leur fonctionnement intrins\u00e8que, peuvent utiliser certaines informations personnelles (Adresse IP, Lien cliqu\u00e9, informations communiqu\u00e9es). Sauf mentions contraires, l&rsquo;ensemble de ces donn\u00e9es sont utilis\u00e9es uniquement afin de vous fournir une meilleur exp\u00e9rience utilisateur et ne sont en aucun cas sauvegard\u00e9es.<\/p>\r\n<!-- \/wp:heading -->","protected":false},"excerpt":{"rendered":"<p>Merci de lire attentivement les pr\u00e9sentes modalit\u00e9s d&rsquo;utilisation du pr\u00e9sent site avant de le parcourir. En vous connectant sur ce site, vous acceptez sans r\u00e9serve les pr\u00e9sentes modalit\u00e9s. &nbsp; \u00c9diteur du site \/ Responsable \u00e9ditorial Startingames9 rue du Bois, Sauvry-Haut58270 Saint-Benin d&rsquo;Azy &#8211; FranceMail : contact@studio-startingames.comSite : www.studio-startingames.com Association loi 1901,RNA : W583004763 &nbsp; H\u00e9bergement [&hellip;]<\/p>\n","protected":false},"author":1,"featured_media":91,"parent":0,"menu_order":0,"comment_status":"closed","ping_status":"open","template":"","meta":{"footnotes":""},"_links":{"self":[{"href":"https:\/\/www.startingames.org\/fr\/wp-json\/wp\/v2\/pages\/31"}],"collection":[{"href":"https:\/\/www.startingames.org\/fr\/wp-json\/wp\/v2\/pages"}],"about":[{"href":"https:\/\/www.startingames.org\/fr\/wp-json\/wp\/v2\/types\/page"}],"author":[{"embeddable":true,"href":"https:\/\/www.startingames.org\/fr\/wp-json\/wp\/v2\/users\/1"}],"replies":[{"embeddable":true,"href":"https:\/\/www.startingames.org\/fr\/wp-json\/wp\/v2\/comments?post=31"}],"version-history":[{"count":13,"href":"https:\/\/www.startingames.org\/fr\/wp-json\/wp\/v2\/pages\/31\/revisions"}],"predecessor-version":[{"id":49,"href":"https:\/\/www.startingames.org\/fr\/wp-json\/wp\/v2\/pages\/31\/revisions\/49"}],"wp:featuredmedia":[{"embeddable":true,"href":"https:\/\/www.startingames.org\/fr\/wp-json\/wp\/v2\/media\/91"}],"wp:attachment":[{"href":"https:\/\/www.startingames.org\/fr\/wp-json\/wp\/v2\/media?parent=31"}],"curies":[{"name":"wp","href":"https:\/\/api.w.org\/{rel}","templated":true}]}}